{"id":153,"date":"2022-03-28T20:27:07","date_gmt":"2022-03-28T20:27:07","guid":{"rendered":"https:\/\/cafehechoenpuertorico.com\/?page_id=153"},"modified":"2022-03-31T14:56:26","modified_gmt":"2022-03-31T14:56:26","slug":"sobre-nosotros","status":"publish","type":"page","link":"https:\/\/cafehechoenpuertorico.com\/english\/sobre-nosotros\/","title":{"rendered":"About Us"},"content":{"rendered":"<div data-elementor-type=\"wp-page\" data-elementor-id=\"153\" class=\"elementor elementor-153\">\n\t\t\t\t\t\t<section class=\"elementor-section elementor-top-section elementor-element elementor-element-781f2d0a elementor-section-boxed elementor-section-height-default elementor-section-height-default\" data-id=\"781f2d0a\" data-element_type=\"section\" data-e-type=\"section\" data-settings=\"{&quot;background_background&quot;:&quot;classic&quot;}\">\n\t\t\t\t\t\t\t<div class=\"elementor-background-overlay\"><\/div>\n\t\t\t\t\t\t\t<div class=\"elementor-container elementor-column-gap-default\">\n\t\t\t\t\t<div class=\"elementor-column elementor-col-100 elementor-top-column elementor-element elementor-element-21857868\" data-id=\"21857868\" data-element_type=\"column\" data-e-type=\"column\">\n\t\t\t<div class=\"elementor-widget-wrap elementor-element-populated\">\n\t\t\t\t\t\t<div class=\"elementor-element elementor-element-df3103b elementor-widget elementor-widget-heading\" data-id=\"df3103b\" data-element_type=\"widget\" data-e-type=\"widget\" data-widget_type=\"heading.default\">\n\t\t\t\t<div class=\"elementor-widget-container\">\n\t\t\t\t\t<h2 class=\"elementor-heading-title elementor-size-default\">About Us<\/h2>\t\t\t\t<\/div>\n\t\t\t\t<\/div>\n\t\t\t\t\t<\/div>\n\t\t<\/div>\n\t\t\t\t\t<\/div>\n\t\t<\/section>\n\t\t\t\t<section class=\"elementor-section elementor-top-section elementor-element elementor-element-567fc687 elementor-section-boxed elementor-section-height-default elementor-section-height-default\" data-id=\"567fc687\" data-element_type=\"section\" data-e-type=\"section\" data-settings=\"{&quot;background_background&quot;:&quot;classic&quot;}\">\n\t\t\t\t\t\t<div class=\"elementor-container elementor-column-gap-no\">\n\t\t\t\t\t<div class=\"elementor-column elementor-col-50 elementor-top-column elementor-element elementor-element-14463ea0\" data-id=\"14463ea0\" data-element_type=\"column\" data-e-type=\"column\">\n\t\t\t<div class=\"elementor-widget-wrap elementor-element-populated\">\n\t\t\t\t\t\t<div class=\"elementor-element elementor-element-2c278ef8 elementor-widget elementor-widget-heading\" data-id=\"2c278ef8\" data-element_type=\"widget\" data-e-type=\"widget\" data-widget_type=\"heading.default\">\n\t\t\t\t<div class=\"elementor-widget-container\">\n\t\t\t\t\t<h4 class=\"elementor-heading-title elementor-size-default\">Our History<\/h4>\t\t\t\t<\/div>\n\t\t\t\t<\/div>\n\t\t\t\t<div class=\"elementor-element elementor-element-561e230f elementor-widget elementor-widget-text-editor\" data-id=\"561e230f\" data-element_type=\"widget\" data-e-type=\"widget\" data-widget_type=\"text-editor.default\">\n\t\t\t\t<div class=\"elementor-widget-container\">\n\t\t\t\t\t\t\t\t\t<p>The Ruperto family has been delighting consumers with its exquisite coffees El Coqu\u00ed, D'Aqu\u00ed and Borinquen for more than 35 years. Their commitment to quality, experience and dedication to their company have made the products that Torrefacci\u00f3n Caf\u00e9 El Coqu\u00ed produces the favorite ones in Puerto Rico and the world. To achieve this recognition Caf\u00e9 El Coqu\u00ed has maintained a constant innovation in its coffee elaboration and distribution processes. An example of this is its recent investment in machinery and the establishment of its virtual store so that from anywhere in the world everyone can buy their coffee online. Caf\u00e9 El Coqu\u00ed is a purely Puerto Rican company. It began operations in 1986 by its founders, Mr. Em\u00e9rito Ruperto Torres and his wife Mrs. Gladys Rodr\u00edguez Malav\u00e9 in the Perchas I neighborhood of San Sebasti\u00e1n. This company is currently under the direction of their sons Mr. Emerito Ruperto Rodriguez, who has more than 30 years of experience in the coffee industry and the administrator Mr. Eduviges Ruperto Rodriguez who is also an expert in coffee growing and buying and selling. Eduviges is also one of the farmers with the highest volume of coffee production in San Sebastian.<\/p>\t\t\t\t\t\t\t\t<\/div>\n\t\t\t\t<\/div>\n\t\t\t\t\t<\/div>\n\t\t<\/div>\n\t\t\t\t<div class=\"elementor-column elementor-col-50 elementor-top-column elementor-element elementor-element-39a4765a elementor-hidden-tablet\" data-id=\"39a4765a\" data-element_type=\"column\" data-e-type=\"column\">\n\t\t\t<div class=\"elementor-widget-wrap elementor-element-populated\">\n\t\t\t\t\t\t<div class=\"elementor-element elementor-element-187b333 elementor-widget elementor-widget-image\" data-id=\"187b333\" data-element_type=\"widget\" data-e-type=\"widget\" data-widget_type=\"image.default\">\n\t\t\t\t<div class=\"elementor-widget-container\">\n\t\t\t\t\t\t\t\t\t\t\t\t\t\t\t<img fetchpriority=\"high\" decoding=\"async\" width=\"768\" height=\"541\" src=\"https:\/\/cafehechoenpuertorico.com\/wp-content\/uploads\/2022\/03\/coffee-and-coffee-beans-768x541.jpg\" class=\"attachment-medium_large size-medium_large wp-image-179\" alt=\"\" srcset=\"https:\/\/cafehechoenpuertorico.com\/wp-content\/uploads\/2022\/03\/coffee-and-coffee-beans-768x541.jpg 768w, https:\/\/cafehechoenpuertorico.com\/wp-content\/uploads\/2022\/03\/coffee-and-coffee-beans-300x211.jpg 300w, https:\/\/cafehechoenpuertorico.com\/wp-content\/uploads\/2022\/03\/coffee-and-coffee-beans.jpg 900w\" sizes=\"(max-width: 768px) 100vw, 768px\" \/>\t\t\t\t\t\t\t\t\t\t\t\t\t\t\t<\/div>\n\t\t\t\t<\/div>\n\t\t\t\t\t<\/div>\n\t\t<\/div>\n\t\t\t\t\t<\/div>\n\t\t<\/section>\n\t\t\t\t<section class=\"elementor-section elementor-top-section elementor-element elementor-element-60254512 elementor-section-boxed elementor-section-height-default elementor-section-height-default\" data-id=\"60254512\" data-element_type=\"section\" data-e-type=\"section\" data-settings=\"{&quot;background_background&quot;:&quot;classic&quot;}\">\n\t\t\t\t\t\t\t<div class=\"elementor-background-overlay\"><\/div>\n\t\t\t\t\t\t\t<div class=\"elementor-container elementor-column-gap-no\">\n\t\t\t\t\t<div class=\"elementor-column elementor-col-100 elementor-top-column elementor-element elementor-element-91ac699\" data-id=\"91ac699\" data-element_type=\"column\" data-e-type=\"column\">\n\t\t\t<div class=\"elementor-widget-wrap elementor-element-populated\">\n\t\t\t\t\t\t<div class=\"elementor-element elementor-element-60ed0532 elementor-widget elementor-widget-heading\" data-id=\"60ed0532\" data-element_type=\"widget\" data-e-type=\"widget\" data-widget_type=\"heading.default\">\n\t\t\t\t<div class=\"elementor-widget-container\">\n\t\t\t\t\t<h4 class=\"elementor-heading-title elementor-size-default\">Mission<\/h4>\t\t\t\t<\/div>\n\t\t\t\t<\/div>\n\t\t\t\t<div class=\"elementor-element elementor-element-1870fd2 elementor-widget elementor-widget-text-editor\" data-id=\"1870fd2\" data-element_type=\"widget\" data-e-type=\"widget\" data-widget_type=\"text-editor.default\">\n\t\t\t\t<div class=\"elementor-widget-container\">\n\t\t\t\t\t\t\t\t\t<p>Our mission is to strengthen the purchase, production and distribution of coffee to satisfy the needs and expectations of our customers, farmers, government and consumers to create the best coffee consumed in Puerto Rico and abroad.<\/p>\t\t\t\t\t\t\t\t<\/div>\n\t\t\t\t<\/div>\n\t\t\t\t<div class=\"elementor-element elementor-element-5c309c3 elementor-widget elementor-widget-heading\" data-id=\"5c309c3\" data-element_type=\"widget\" data-e-type=\"widget\" data-widget_type=\"heading.default\">\n\t\t\t\t<div class=\"elementor-widget-container\">\n\t\t\t\t\t<h4 class=\"elementor-heading-title elementor-size-default\">Vision<\/h4>\t\t\t\t<\/div>\n\t\t\t\t<\/div>\n\t\t\t\t<div class=\"elementor-element elementor-element-ceee1b9 elementor-widget elementor-widget-text-editor\" data-id=\"ceee1b9\" data-element_type=\"widget\" data-e-type=\"widget\" data-widget_type=\"text-editor.default\">\n\t\t\t\t<div class=\"elementor-widget-container\">\n\t\t\t\t\t\t\t\t\t<p>The vision of Torrefacci\u00f3n Caf\u00e9 el Coqu\u00ed Inc. is to elaborate the best coffee, through high quality standards and with a lot of dedication. Caf\u00e9 Molido el Coqu\u00ed is the best option in terms of price, quality and accessibility of the product. Our success is due to the constant investment in infrastructure, good inventory management, good distribution and always offering you the best coffee.<\/p>\t\t\t\t\t\t\t\t<\/div>\n\t\t\t\t<\/div>\n\t\t\t\t\t<\/div>\n\t\t<\/div>\n\t\t\t\t\t<\/div>\n\t\t<\/section>\n\t\t\t\t<\/div>","protected":false},"excerpt":{"rendered":"<p>Sobre Nosotros Nuestra Historia La familia Ruperto lleva m\u00e1s de 35 a\u00f1os deleitando a los consumidores con sus exquisitos caf\u00e9 El Coqu\u00ed, D&#8217;Aqu\u00ed y Borinquen. Su compromiso con la calidad, experiencia y dedicaci\u00f3n hacia su empresa hacen que los productos que elabora Torrefacci\u00f3n Caf\u00e9 El Coqu\u00ed sean los predilectos en Puerto Rico y el mundo. [&hellip;]<\/p>\n","protected":false},"author":1,"featured_media":0,"parent":0,"menu_order":0,"comment_status":"closed","ping_status":"closed","template":"elementor_canvas","meta":{"footnotes":""},"class_list":["post-153","page","type-page","status-publish","hentry"],"aioseo_notices":[],"_links":{"self":[{"href":"https:\/\/cafehechoenpuertorico.com\/english\/wp-json\/wp\/v2\/pages\/153","targetHints":{"allow":["GET"]}}],"collection":[{"href":"https:\/\/cafehechoenpuertorico.com\/english\/wp-json\/wp\/v2\/pages"}],"about":[{"href":"https:\/\/cafehechoenpuertorico.com\/english\/wp-json\/wp\/v2\/types\/page"}],"author":[{"embeddable":true,"href":"https:\/\/cafehechoenpuertorico.com\/english\/wp-json\/wp\/v2\/users\/1"}],"replies":[{"embeddable":true,"href":"https:\/\/cafehechoenpuertorico.com\/english\/wp-json\/wp\/v2\/comments?post=153"}],"version-history":[{"count":75,"href":"https:\/\/cafehechoenpuertorico.com\/english\/wp-json\/wp\/v2\/pages\/153\/revisions"}],"predecessor-version":[{"id":394,"href":"https:\/\/cafehechoenpuertorico.com\/english\/wp-json\/wp\/v2\/pages\/153\/revisions\/394"}],"wp:attachment":[{"href":"https:\/\/cafehechoenpuertorico.com\/english\/wp-json\/wp\/v2\/media?parent=153"}],"curies":[{"name":"wp","href":"https:\/\/api.w.org\/{rel}","templated":true}]}}